{"id":377,"date":"2015-03-01T18:50:40","date_gmt":"2015-03-01T18:50:40","guid":{"rendered":"http:\/\/demo.cmssuperheroes.com\/themeforest\/wp-spectrum-joinery\/?page_id=377"},"modified":"2015-07-15T16:12:11","modified_gmt":"2015-07-15T16:12:11","slug":"kitchens","status":"publish","type":"page","link":"https:\/\/www.hojalateriasaavedra.cl\/sitio\/?page_id=377","title":{"rendered":"Servicios"},"content":{"rendered":"<p>[vc_row full_width=&#8221;false&#8221; css=&#8221;.vc_custom_1436921215993{padding-bottom: 0px !important;}&#8221; row_responsive_large=&#8221;&#8221; row_responsive_medium=&#8221;&#8221; row_responsive_small=&#8221;&#8221; row_responsive_extra_small=&#8221;&#8221; enable_row_sc=&#8221;&#8221; enable_row_engle=&#8221;&#8221; height_engle=&#8221;60px&#8221; engle_border_width=&#8221;0&#8243; enable_engle_duplicate=&#8221;&#8221; engle_uplicated_height=&#8221;60px&#8221; engle_duplicated_border_width=&#8221;0&#8243; enable_engle_style2=&#8221;&#8221; height_engle_style2=&#8221;60px&#8221; enable_engle_duplicated_style2=&#8221;&#8221; engle_duplicated_height_style2=&#8221;60px&#8221; enable_parallax=&#8221;&#8221; parallax_speed=&#8221;0.8&#8243; bg_video_transparent=&#8221;0&#8243; disable_parallax_mobile=&#8221;&#8221; loop=&#8221;&#8221; autoplay=&#8221;&#8221; muted=&#8221;&#8221; controls=&#8221;&#8221; show_btn=&#8221;&#8221; lax_layer1_align=&#8221;lax_left_top&#8221; lax_layer2_align=&#8221;lax_left_top&#8221; lax_layer3_align=&#8221;lax_left_top&#8221; lax_layer4_align=&#8221;lax_left_top&#8221; lax_layer5_align=&#8221;lax_left_top&#8221; lax_layer6_align=&#8221;lax_left_top&#8221; lax_layer7_align=&#8221;lax_left_top&#8221; lax_layer8_align=&#8221;lax_left_top&#8221;][vc_column width=&#8221;1\/1&#8243;][vc_empty_space height=&#8221;100px&#8221;][\/vc_column][\/vc_row][vc_row full_width=&#8221;true&#8221; row_responsive_large=&#8221;&#8221; row_responsive_medium=&#8221;&#8221; row_responsive_small=&#8221;&#8221; row_responsive_extra_small=&#8221;&#8221; enable_row_sc=&#8221;&#8221; enable_row_engle=&#8221;&#8221; height_engle=&#8221;60px&#8221; engle_border_width=&#8221;0&#8243; enable_engle_duplicate=&#8221;&#8221; engle_uplicated_height=&#8221;60px&#8221; engle_duplicated_border_width=&#8221;0&#8243; enable_engle_style2=&#8221;&#8221; height_engle_style2=&#8221;60px&#8221; enable_engle_duplicated_style2=&#8221;&#8221; engle_duplicated_height_style2=&#8221;60px&#8221; enable_parallax=&#8221;&#8221; parallax_speed=&#8221;0.8&#8243; bg_video_transparent=&#8221;0&#8243; disable_parallax_mobile=&#8221;&#8221; loop=&#8221;&#8221; autoplay=&#8221;&#8221; muted=&#8221;&#8221; controls=&#8221;&#8221; show_btn=&#8221;&#8221; lax_layer1_align=&#8221;lax_left_top&#8221; lax_layer2_align=&#8221;lax_left_top&#8221; lax_layer3_align=&#8221;lax_left_top&#8221; lax_layer4_align=&#8221;lax_left_top&#8221; lax_layer5_align=&#8221;lax_left_top&#8221; lax_layer6_align=&#8221;lax_left_top&#8221; lax_layer7_align=&#8221;lax_left_top&#8221; lax_layer8_align=&#8221;lax_left_top&#8221;][vc_column width=&#8221;1\/2&#8243; column_responsive_large=&#8221;&#8221; column_responsive_medium=&#8221;&#8221; column_responsive_small=&#8221;&#8221; column_responsive_extra_small=&#8221;&#8221; image_transition=&#8221;&#8221; css=&#8221;.vc_custom_1436924524621{background-color: #f5f5f5 !important;}&#8221;][vc_empty_space height=&#8221;20px&#8221;][vc_custom_heading text=&#8221;Fabricaci\u00f3n&#8221; font_container=&#8221;tag:h2|font_size:22px|text_align:center|color:%23222222|line_height:26px&#8221; google_fonts=&#8221;font_family:Raleway%3A100%2C200%2C300%2Cregular%2C500%2C600%2C700%2C800%2C900|font_style:700%20bold%20regular%3A700%3Anormal&#8221; css=&#8221;.vc_custom_1436923912611{padding-top: 12px !important;}&#8221;][vc_separator color=&#8221;custom&#8221; align=&#8221;center&#8221; border_width=&#8221;4&#8243; el_width=&#8221;50&#8243; separator_arrow=&#8221;no&#8221; separator_arrow_type=&#8221;border&#8221; arrow_width=&#8221;12&#8243; custom_sparator_width=&#8221;120px&#8221; accent_color=&#8221;#f1c00a&#8221;][vc_empty_space height=&#8221;20px&#8221;][vc_column_text css=&#8221;.vc_custom_1436980154841{padding-right: 50px !important;padding-left: 50px !important;}&#8221;]<\/p>\n<p style=\"text-align: justify;\">Contamos con un gran y variado stock de tubos, codos, anillos, gorros, bajadas, canales, caballetes, e\u00f3licos, etc., para hacer de su compra un proceso \u00e1gil y con una oferta variada. Si requiere de un producto a medida, env\u00edenos su pedido y lo fabricamos durante el d\u00eda o en su defecto al d\u00eda siguiente. Entendemos a cabalidad el sentido de urgencia en el rubro de la construcci\u00f3n por lo que es nuestro compromiso la entrega de material en forma oportuna.<\/p>\n<p>[\/vc_column_text][vc_empty_space height=&#8221;18px&#8221;][\/vc_column][vc_column width=&#8221;1\/2&#8243; column_responsive_large=&#8221;&#8221; column_responsive_medium=&#8221;&#8221; column_responsive_small=&#8221;&#8221; column_responsive_extra_small=&#8221;&#8221; image_transition=&#8221;&#8221; animation=&#8221;&#8221; text_align=&#8221;&#8221; column_style=&#8221;&#8221; css=&#8221;.vc_custom_1436199593880{background-image: url(https:\/\/www.hojalateriasaavedra.cl\/sitio\/wp-content\/uploads\/2015\/02\/sample7735226.png?id=1533) !important;background-position: center !important;background-repeat: no-repeat !important;background-size: cover !important;}&#8221;][vc_single_image image=&#8221;2023&#8243; alignment=&#8221;center&#8221; border_color=&#8221;grey&#8221; img_link_large=&#8221;&#8221; img_link_target=&#8221;_self&#8221; img_size=&#8221;555X315&#8243; css=&#8221;.vc_custom_1436912154381{padding-top: 1px !important;}&#8221;][vc_empty_space height=&#8221;40px&#8221;][\/vc_column][\/vc_row][vc_row full_width=&#8221;true&#8221; row_responsive_large=&#8221;&#8221; row_responsive_medium=&#8221;&#8221; row_responsive_small=&#8221;&#8221; row_responsive_extra_small=&#8221;&#8221; enable_row_sc=&#8221;&#8221; enable_row_engle=&#8221;&#8221; height_engle=&#8221;60px&#8221; engle_border_width=&#8221;0&#8243; enable_engle_duplicate=&#8221;&#8221; engle_uplicated_height=&#8221;60px&#8221; engle_duplicated_border_width=&#8221;0&#8243; enable_engle_style2=&#8221;&#8221; height_engle_style2=&#8221;60px&#8221; enable_engle_duplicated_style2=&#8221;&#8221; engle_duplicated_height_style2=&#8221;60px&#8221; enable_parallax=&#8221;&#8221; parallax_speed=&#8221;0.8&#8243; bg_video_transparent=&#8221;0&#8243; disable_parallax_mobile=&#8221;&#8221; loop=&#8221;&#8221; autoplay=&#8221;&#8221; muted=&#8221;&#8221; controls=&#8221;&#8221; show_btn=&#8221;&#8221; lax_layer1_align=&#8221;lax_left_top&#8221; lax_layer2_align=&#8221;lax_left_top&#8221; lax_layer3_align=&#8221;lax_left_top&#8221; lax_layer4_align=&#8221;lax_left_top&#8221; lax_layer5_align=&#8221;lax_left_top&#8221; lax_layer6_align=&#8221;lax_left_top&#8221; lax_layer7_align=&#8221;lax_left_top&#8221; lax_layer8_align=&#8221;lax_left_top&#8221; css=&#8221;.vc_custom_1436924464475{padding-bottom: 100px !important;}&#8221;][vc_column width=&#8221;1\/2&#8243; column_responsive_large=&#8221;&#8221; column_responsive_medium=&#8221;&#8221; column_responsive_small=&#8221;&#8221; column_responsive_extra_small=&#8221;&#8221; image_transition=&#8221;&#8221; css=&#8221;.vc_custom_1436924458449{padding-right: 30px !important;padding-left: 30px !important;background-color: #f5f5f5 !important;}&#8221;][vc_empty_space height=&#8221;20px&#8221;][vc_custom_heading text=&#8221;Instalaci\u00f3n de hojalater\u00eda&#8221; font_container=&#8221;tag:h2|font_size:22px|text_align:center|color:%23222222|line_height:26px&#8221; google_fonts=&#8221;font_family:Raleway%3A100%2C200%2C300%2Cregular%2C500%2C600%2C700%2C800%2C900|font_style:700%20bold%20regular%3A700%3Anormal&#8221;][vc_separator color=&#8221;custom&#8221; align=&#8221;center&#8221; border_width=&#8221;4&#8243; separator_arrow=&#8221;no&#8221; separator_arrow_type=&#8221;border&#8221; arrow_width=&#8221;12&#8243; custom_sparator_width=&#8221;265px&#8221; accent_color=&#8221;#f1c00a&#8221; el_width=&#8221;50&#8243;][vc_empty_space height=&#8221;20px&#8221;][vc_column_text css=&#8221;.vc_custom_1436924304246{padding-right: 50px !important;padding-left: 50px !important;}&#8221;]<\/p>\n<p style=\"text-align: justify;\">Sea techo americano, canales, bajadas, forros, campanas, ductos aire acondicionado contamos con personal capacitado y de mucha experiencia en el rubro, lo cual har\u00e1 de su requerimiento un trabajo terminado de calidad, de buenas terminaciones y con una garant\u00eda de 3 a\u00f1os que avala todo lo anterior.<\/p>\n<p style=\"text-align: justify;\">Presupuesto en terreno sin costo.<\/p>\n<p style=\"text-align: justify;\"><span style=\"color: #ffffff;\">.<\/span><\/p>\n<p>[\/vc_column_text][vc_empty_space height=&#8221;10px&#8221;][\/vc_column][vc_column width=&#8221;1\/2&#8243; column_responsive_large=&#8221;&#8221; column_responsive_medium=&#8221;&#8221; column_responsive_small=&#8221;&#8221; column_responsive_extra_small=&#8221;&#8221; image_transition=&#8221;&#8221; animation=&#8221;&#8221; text_align=&#8221;&#8221; column_style=&#8221;&#8221; css=&#8221;.vc_custom_1436199620225{background-image: url(https:\/\/www.hojalateriasaavedra.cl\/sitio\/wp-content\/uploads\/2015\/02\/sample77352221.png?id=1595) !important;background-position: center !important;background-repeat: no-repeat !important;background-size: cover !important;}&#8221;][vc_single_image image=&#8221;2028&#8243; alignment=&#8221;center&#8221; border_color=&#8221;grey&#8221; img_link_large=&#8221;&#8221; img_link_target=&#8221;_self&#8221; img_size=&#8221;555X315&#8243; css=&#8221;.vc_custom_1436924565969{padding-top: 1px !important;}&#8221;][\/vc_column][\/vc_row]<\/p>\n","protected":false},"excerpt":{"rendered":"<p>[vc_row full_width=&#8221;false&#8221; css=&#8221;.vc_custom_1436921215993{padding-bottom: 0px !important;}&#8221; row_responsive_large=&#8221;&#8221; row_responsive_medium=&#8221;&#8221; row_responsive_small=&#8221;&#8221; row_responsive_extra_small=&#8221;&#8221; enable_row_sc=&#8221;&#8221; enable_row_engle=&#8221;&#8221; height_engle=&#8221;60px&#8221; engle_border_width=&#8221;0&#8243; enable_engle_duplicate=&#8221;&#8221; engle_uplicated_height=&#8221;60px&#8221; engle_duplicated_border_width=&#8221;0&#8243; enable_engle_style2=&#8221;&#8221; height_engle_style2=&#8221;60px&#8221; enable_engle_duplicated_style2=&#8221;&#8221; engle_duplicated_height_style2=&#8221;60px&#8221; enable_parallax=&#8221;&#8221; parallax_speed=&#8221;0.8&#8243; bg_video_transparent=&#8221;0&#8243; disable_parallax_mobile=&#8221;&#8221; loop=&#8221;&#8221; autoplay=&#8221;&#8221; muted=&#8221;&#8221; controls=&#8221;&#8221; show_btn=&#8221;&#8221; lax_layer1_align=&#8221;lax_left_top&#8221; lax_layer2_align=&#8221;lax_left_top&#8221; lax_layer3_align=&#8221;lax_left_top&#8221; lax_layer4_align=&#8221;lax_left_top&#8221; lax_layer5_align=&#8221;lax_left_top&#8221; lax_layer6_align=&#8221;lax_left_top&#8221; lax_layer7_align=&#8221;lax_left_top&#8221; lax_layer8_align=&#8221;lax_left_top&#8221;][vc_column width=&#8221;1\/1&#8243;][vc_empty_space height=&#8221;100px&#8221;][\/vc_column][\/vc_row][vc_row full_width=&#8221;true&#8221; row_responsive_large=&#8221;&#8221; row_responsive_medium=&#8221;&#8221; row_responsive_small=&#8221;&#8221; row_responsive_extra_small=&#8221;&#8221; enable_row_sc=&#8221;&#8221; enable_row_engle=&#8221;&#8221; height_engle=&#8221;60px&#8221; engle_border_width=&#8221;0&#8243; enable_engle_duplicate=&#8221;&#8221; engle_uplicated_height=&#8221;60px&#8221; engle_duplicated_border_width=&#8221;0&#8243; enable_engle_style2=&#8221;&#8221; height_engle_style2=&#8221;60px&#8221; enable_engle_duplicated_style2=&#8221;&#8221; engle_duplicated_height_style2=&#8221;60px&#8221; [&hellip;]<\/p>\n","protected":false},"author":1,"featured_media":0,"parent":0,"menu_order":0,"comment_status":"open","ping_status":"open","template":"","meta":{"footnotes":""},"class_list":["post-377","page","type-page","status-publish","hentry"],"_links":{"self":[{"href":"https:\/\/www.hojalateriasaavedra.cl\/sitio\/index.php?rest_route=\/wp\/v2\/pages\/377","targetHints":{"allow":["GET"]}}],"collection":[{"href":"https:\/\/www.hojalateriasaavedra.cl\/sitio\/index.php?rest_route=\/wp\/v2\/pages"}],"about":[{"href":"https:\/\/www.hojalateriasaavedra.cl\/sitio\/index.php?rest_route=\/wp\/v2\/types\/page"}],"author":[{"embeddable":true,"href":"https:\/\/www.hojalateriasaavedra.cl\/sitio\/index.php?rest_route=\/wp\/v2\/users\/1"}],"replies":[{"embeddable":true,"href":"https:\/\/www.hojalateriasaavedra.cl\/sitio\/index.php?rest_route=%2Fwp%2Fv2%2Fcomments&post=377"}],"version-history":[{"count":142,"href":"https:\/\/www.hojalateriasaavedra.cl\/sitio\/index.php?rest_route=\/wp\/v2\/pages\/377\/revisions"}],"predecessor-version":[{"id":2149,"href":"https:\/\/www.hojalateriasaavedra.cl\/sitio\/index.php?rest_route=\/wp\/v2\/pages\/377\/revisions\/2149"}],"wp:attachment":[{"href":"https:\/\/www.hojalateriasaavedra.cl\/sitio\/index.php?rest_route=%2Fwp%2Fv2%2Fmedia&parent=377"}],"curies":[{"name":"wp","href":"https:\/\/api.w.org\/{rel}","templated":true}]}}